{"id":506,"date":"2022-12-11T23:57:46","date_gmt":"2022-12-11T22:57:46","guid":{"rendered":"https:\/\/www.sjovalla.se\/?page_id=506"},"modified":"2022-12-15T14:57:50","modified_gmt":"2022-12-15T13:57:50","slug":"orientering","status":"publish","type":"page","link":"https:\/\/www.sjovalla.se\/index.php\/sektioner\/orientering\/","title":{"rendered":"Orientering"},"content":{"rendered":"\n<p>V\u00e4lkommen till Sj\u00f6vallas Orienteringssektion. Snart lanseras en ny webbplats \u00e4ven f\u00f6r Orienteringssektionen. <\/p>\n\n\n\n<p>Du n\u00e5r b\u00e5de v\u00e5r befintliga och v\u00e5r kommande webbplats p\u00e5: <a href=\"http:\/\/orientering.sjovalla.se\" data-type=\"URL\" data-id=\"orientering.sjovalla.se\">orientering.sjovalla.se<\/a>.<\/p>\n","protected":false},"excerpt":{"rendered":"<p>V\u00e4lkommen till Sj\u00f6vallas Orienteringssektion. Snart lanseras en ny webbplats \u00e4ven f\u00f6r Orienteringssektionen. Du n\u00e5r b\u00e5de v\u00e5r befintliga och v\u00e5r kommande [&hellip;]<\/p>\n","protected":false},"author":1,"featured_media":0,"parent":230,"menu_order":0,"comment_status":"closed","ping_status":"closed","template":"","meta":{"footnotes":""},"class_list":["post-506","page","type-page","status-publish","hentry"],"_links":{"self":[{"href":"https:\/\/www.sjovalla.se\/index.php\/wp-json\/wp\/v2\/pages\/506","targetHints":{"allow":["GET"]}}],"collection":[{"href":"https:\/\/www.sjovalla.se\/index.php\/wp-json\/wp\/v2\/pages"}],"about":[{"href":"https:\/\/www.sjovalla.se\/index.php\/wp-json\/wp\/v2\/types\/page"}],"author":[{"embeddable":true,"href":"https:\/\/www.sjovalla.se\/index.php\/wp-json\/wp\/v2\/users\/1"}],"replies":[{"embeddable":true,"href":"https:\/\/www.sjovalla.se\/index.php\/wp-json\/wp\/v2\/comments?post=506"}],"version-history":[{"count":4,"href":"https:\/\/www.sjovalla.se\/index.php\/wp-json\/wp\/v2\/pages\/506\/revisions"}],"predecessor-version":[{"id":555,"href":"https:\/\/www.sjovalla.se\/index.php\/wp-json\/wp\/v2\/pages\/506\/revisions\/555"}],"up":[{"embeddable":true,"href":"https:\/\/www.sjovalla.se\/index.php\/wp-json\/wp\/v2\/pages\/230"}],"wp:attachment":[{"href":"https:\/\/www.sjovalla.se\/index.php\/wp-json\/wp\/v2\/media?parent=506"}],"curies":[{"name":"wp","href":"https:\/\/api.w.org\/{rel}","templated":true}]}}