{"id":471,"date":"2022-12-11T23:10:09","date_gmt":"2022-12-11T22:10:09","guid":{"rendered":"https:\/\/www.sjovalla.se\/?page_id=471"},"modified":"2022-12-11T23:14:21","modified_gmt":"2022-12-11T22:14:21","slug":"molnlycke-skatepark","status":"publish","type":"page","link":"https:\/\/www.sjovalla.se\/index.php\/sektioner\/chillskate\/molnlycke-skatepark\/","title":{"rendered":"M\u00f6lnlycke Skatepark"},"content":{"rendered":"\n<h2 class=\"wp-block-heading\">V\u00e4lkommen!<\/h2>\n\n\n\n<h3 class=\"wp-block-heading\">Ordningsregler<\/h3>\n\n\n\n<ul class=\"wp-block-list\">\n<li>All \u00e5kning sker p\u00e5 egen risk. F\u00f6r\u00e4ldrar ansvarar f\u00f6r sina barn. Hj\u00e4lm och annan skyddsutrustning rekommenderas<\/li>\n\n\n\n<li>Det \u00e4r endast till\u00e5tet att \u00e5ka skateboard, inlines, kickbike och BMX. Alla styrhandtag, pegs och utstickande metallf\u00f6rem\u00e5l ska vara f\u00f6rsedda med gummi<\/li>\n\n\n\n<li>V\u00e4nligen respektera anvisade \u00e5ktider:<br><br><strong>M\u00e5ndag \u2013 fredag efter kl 17, endast till\u00e5tet att \u00e5ka skateboard<br><\/strong><strong>L\u00f6rdag \u2013 s\u00f6ndag efter kl 14, endast till\u00e5tet att \u00e5ka skateboard<\/strong><\/li>\n<\/ul>\n\n\n\n<ul class=\"wp-block-list\">\n<li>T\u00e4nk p\u00e5 att parken \u00e4r en idrottsanl\u00e4ggning, inte en lekplats<\/li>\n\n\n\n<li>L\u00e4mna f\u00f6retr\u00e4de \u00e5t \u00e5kare som \u00e4r f\u00f6re och visa varandra h\u00e4nsyn. H\u00e5ll avst\u00e5nd!<\/li>\n\n\n\n<li>Publik och vilande \u00e5kare ska uppeh\u00e5lla sig utanf\u00f6r \u00e5kytorna<\/li>\n\n\n\n<li>Detta \u00e4r INTE en kommunal anl\u00e4ggning, h\u00e4r ansvarar alla och envar att h\u00e5lla parken ren och fin. Sl\u00e4ng skr\u00e4p i papperskorgarna, dra inte in grus i parken och hj\u00e4lp g\u00e4rna till att sopa<\/li>\n\n\n\n<li>Alla former av graffiti och tags \u00e4r f\u00f6rbjudet, det f\u00f6rst\u00f6r \u00e5kytorna<\/li>\n\n\n\n<li>Totalt alkohol- och drogf\u00f6rbud g\u00e4ller<\/li>\n<\/ul>\n\n\n\n<p>I h\u00e4ndelse av <strong>olycka &#8211; ring SOS-Alarm 112.<br><\/strong>Du befinner dig p\u00e5 <strong>Rullstensv\u00e4gen 1C i M\u00f6lnlycke<br><\/strong><\/p>\n\n\n\n<p>Vid eventuell skada p\u00e5 skateboardanl\u00e4ggningen, g\u00f6r en felanm\u00e4lan till&nbsp;<a href=\"mailto:chillskatesjovalla@gmail.com\">chillskatesjovalla@gmail.com<\/a><\/p>\n\n\n\n<p>Sj\u00f6valla FK \/ Chillskate har nyttjander\u00e4ttsavtal p\u00e5 anl\u00e4ggningen till \u00e5r 2028. Det inneb\u00e4r att anl\u00e4ggningen \u00e4gs och drivs av Sj\u00f6valla FK \/ Chillskate.<\/p>\n\n\n\n<div style=\"height:15px\" aria-hidden=\"true\" class=\"wp-block-spacer\"><\/div>\n\n\n\n<div class=\"wp-block-group is-layout-constrained wp-container-core-group-is-layout-c0cf8e29 wp-block-group-is-layout-constrained\">\n<figure class=\"wp-block-image size-full\"><img loading=\"lazy\" decoding=\"async\" width=\"569\" height=\"199\" src=\"https:\/\/www.sjovalla.se\/wp-content\/uploads\/2022\/12\/2019-04-12_skatepark_sponsorer.png\" alt=\"\" class=\"wp-image-474\" srcset=\"https:\/\/www.sjovalla.se\/wp-content\/uploads\/2022\/12\/2019-04-12_skatepark_sponsorer.png 569w, https:\/\/www.sjovalla.se\/wp-content\/uploads\/2022\/12\/2019-04-12_skatepark_sponsorer-300x105.png 300w\" sizes=\"auto, (max-width: 569px) 100vw, 569px\" \/><\/figure>\n<\/div>\n","protected":false},"excerpt":{"rendered":"<p>V\u00e4lkommen! Ordningsregler I h\u00e4ndelse av olycka &#8211; ring SOS-Alarm 112.Du befinner dig p\u00e5 Rullstensv\u00e4gen 1C i M\u00f6lnlycke Vid eventuell skada [&hellip;]<\/p>\n","protected":false},"author":1,"featured_media":0,"parent":240,"menu_order":0,"comment_status":"closed","ping_status":"closed","template":"","meta":{"footnotes":""},"class_list":["post-471","page","type-page","status-publish","hentry"],"_links":{"self":[{"href":"https:\/\/www.sjovalla.se\/index.php\/wp-json\/wp\/v2\/pages\/471","targetHints":{"allow":["GET"]}}],"collection":[{"href":"https:\/\/www.sjovalla.se\/index.php\/wp-json\/wp\/v2\/pages"}],"about":[{"href":"https:\/\/www.sjovalla.se\/index.php\/wp-json\/wp\/v2\/types\/page"}],"author":[{"embeddable":true,"href":"https:\/\/www.sjovalla.se\/index.php\/wp-json\/wp\/v2\/users\/1"}],"replies":[{"embeddable":true,"href":"https:\/\/www.sjovalla.se\/index.php\/wp-json\/wp\/v2\/comments?post=471"}],"version-history":[{"count":5,"href":"https:\/\/www.sjovalla.se\/index.php\/wp-json\/wp\/v2\/pages\/471\/revisions"}],"predecessor-version":[{"id":478,"href":"https:\/\/www.sjovalla.se\/index.php\/wp-json\/wp\/v2\/pages\/471\/revisions\/478"}],"up":[{"embeddable":true,"href":"https:\/\/www.sjovalla.se\/index.php\/wp-json\/wp\/v2\/pages\/240"}],"wp:attachment":[{"href":"https:\/\/www.sjovalla.se\/index.php\/wp-json\/wp\/v2\/media?parent=471"}],"curies":[{"name":"wp","href":"https:\/\/api.w.org\/{rel}","templated":true}]}}