{"id":368,"date":"2022-12-07T23:18:39","date_gmt":"2022-12-07T22:18:39","guid":{"rendered":"https:\/\/www.sjovalla.se\/?page_id=368"},"modified":"2026-01-15T14:25:44","modified_gmt":"2026-01-15T13:25:44","slug":"sjovallabladet","status":"publish","type":"page","link":"https:\/\/www.sjovalla.se\/index.php\/om-oss\/sjovallabladet\/","title":{"rendered":"Sj\u00f6vallabladet"},"content":{"rendered":"\n<p>L\u00e4s mer om olika h\u00e4ndelser i klubbens historia genom Sj\u00f6vallabladet<\/p>\n\n\n\n<p>Du missade v\u00e4l inte v\u00e5rt 75-\u00e5rsjubileium i <a href=\"https:\/\/www.sjovalla.se\/wp-content\/uploads\/2022\/12\/sjovallabladet-2021-nr-2.pdf\" data-type=\"attachment\" data-id=\"436\" target=\"_blank\" rel=\"noreferrer noopener\">Sj\u00f6<\/a><\/p>\n\n\n\n<p><a href=\"https:\/\/www.sjovalla.se\/wp-content\/uploads\/2024\/03\/sjovallabladet-2024-nr-1.pdf\" target=\"_blank\" rel=\"noreferrer noopener\">Nummer 1<\/a><a href=\"https:\/\/www.sjovalla.se\/wp-content\/uploads\/2022\/12\/sjovallabladet-2021-nr-2.pdf\" data-type=\"attachment\" data-id=\"436\" target=\"_blank\" rel=\"noreferrer noopener\">vallabladet 20<\/a><a href=\"https:\/\/www.sjovalla.se\/wp-content\/uploads\/2024\/03\/sjovallabladet-2024-nr-1.pdf\" target=\"_blank\" rel=\"noreferrer noopener\">Nummer 1<\/a>21 &#8211; Nummer 2?<\/p>\n\n\n\n<div class=\"wp-block-group sjovallabladet is-layout-constrained wp-block-group-is-layout-constrained\">\n<div class=\"wp-block-group is-nowrap is-layout-flex wp-container-core-group-is-layout-63e6b0b6 wp-block-group-is-layout-flex\" style=\"padding-top:0;padding-right:0;padding-bottom:0;padding-left:0\">\n<h2 class=\"wp-block-heading\">2025<\/h2>\n\n\n\n<div class=\"wp-block-buttons is-content-justification-left is-nowrap is-layout-flex wp-container-core-buttons-is-layout-32e5e4d9 wp-block-buttons-is-layout-flex\" style=\"margin-top:var(--wp--preset--spacing--20);margin-bottom:var(--wp--preset--spacing--20)\">\n<div class=\"wp-block-button\"><a class=\"wp-block-button__link wp-element-button\" href=\"https:\/\/www.sjovalla.se\/wp-content\/uploads\/2026\/01\/sjovallabladet-2025-nr-1_compressed.pdf\">Nummer 1<\/a><\/div>\n\n\n\n<div class=\"wp-block-button\"><a class=\"wp-block-button__link wp-element-button\" href=\"https:\/\/www.sjovalla.se\/wp-content\/uploads\/2026\/01\/sjovallabladet-2025-nr-2-1.pdf\">Nummer 2<\/a><\/div>\n<\/div>\n<\/div>\n\n\n\n<div class=\"wp-block-group is-nowrap is-layout-flex wp-container-core-group-is-layout-63e6b0b6 wp-block-group-is-layout-flex\" style=\"padding-top:0;padding-right:0;padding-bottom:0;padding-left:0\">\n<h2 class=\"wp-block-heading\">2024<\/h2>\n\n\n\n<div class=\"wp-block-buttons is-content-justification-left is-nowrap is-layout-flex wp-container-core-buttons-is-layout-32e5e4d9 wp-block-buttons-is-layout-flex\" style=\"margin-top:var(--wp--preset--spacing--20);margin-bottom:var(--wp--preset--spacing--20)\">\n<div class=\"wp-block-button\"><a class=\"wp-block-button__link wp-element-button\" href=\"https:\/\/www.sjovalla.se\/wp-content\/uploads\/2024\/03\/sjovallabladet-2024-nr-1.pdf\" target=\"_blank\" rel=\"noreferrer noopener\">Nummer 1<\/a><\/div>\n<\/div>\n\n\n\n<div class=\"wp-block-buttons is-content-justification-left is-nowrap is-layout-flex wp-container-core-buttons-is-layout-32e5e4d9 wp-block-buttons-is-layout-flex\" style=\"margin-top:var(--wp--preset--spacing--20);margin-bottom:var(--wp--preset--spacing--20)\">\n<div class=\"wp-block-button\"><a class=\"wp-block-button__link wp-element-button\" href=\"https:\/\/issuu.com\/sjovallafk\/docs\/sjo_valla_2_2024_klar\">Nummer 2  <\/a><\/div>\n\n\n\n<div class=\"wp-block-button\"><a class=\"wp-block-button__link wp-element-button\" href=\"https:\/\/www.sjovalla.se\/wp-content\/uploads\/2026\/01\/sjovallabladet-2024-nr-3.pdf\">Nummer 3<\/a><\/div>\n<\/div>\n<\/div>\n\n\n\n<div class=\"wp-block-group is-nowrap is-layout-flex wp-container-core-group-is-layout-63e6b0b6 wp-block-group-is-layout-flex\" style=\"padding-top:0;padding-right:0;padding-bottom:0;padding-left:0\">\n<h2 class=\"wp-block-heading\">2023<\/h2>\n\n\n\n<div class=\"wp-block-buttons is-content-justification-left is-nowrap is-layout-flex wp-container-core-buttons-is-layout-32e5e4d9 wp-block-buttons-is-layout-flex\" style=\"margin-top:var(--wp--preset--spacing--20);margin-bottom:var(--wp--preset--spacing--20)\">\n<div class=\"wp-block-button\"><a class=\"wp-block-button__link wp-element-button\" href=\"https:\/\/www.sjovalla.se\/wp-content\/uploads\/2024\/03\/sjovallabladet-2023-nr-1.pdf\" target=\"_blank\" rel=\"noreferrer noopener\">Nummer 1<\/a><\/div>\n<\/div>\n<\/div>\n\n\n\n<div class=\"wp-block-group is-nowrap is-layout-flex wp-container-core-group-is-layout-63e6b0b6 wp-block-group-is-layout-flex\" style=\"padding-top:0;padding-right:0;padding-bottom:0;padding-left:0\">\n<h2 class=\"wp-block-heading\">2022<\/h2>\n\n\n\n<div class=\"wp-block-buttons is-content-justification-left is-nowrap is-layout-flex wp-container-core-buttons-is-layout-32e5e4d9 wp-block-buttons-is-layout-flex\" style=\"margin-top:var(--wp--preset--spacing--20);margin-bottom:var(--wp--preset--spacing--20)\">\n<div class=\"wp-block-button\"><a class=\"wp-block-button__link wp-element-button\" href=\"https:\/\/www.sjovalla.se\/wp-content\/uploads\/2023\/01\/sjovallabladet-2022-nr-1.pdf\" target=\"_blank\" rel=\"noreferrer noopener\">Nummer 1<\/a><\/div>\n<\/div>\n\n\n\n<div class=\"wp-block-buttons is-nowrap is-layout-flex wp-container-core-buttons-is-layout-ad2f72ca wp-block-buttons-is-layout-flex\">\n<div class=\"wp-block-button\"><a class=\"wp-block-button__link wp-element-button\" href=\"https:\/\/www.sjovalla.se\/wp-content\/uploads\/2023\/01\/sjovallabladet-2022-nr-2.pdf\" target=\"_blank\" rel=\"noreferrer noopener\">Nummer 2<\/a><\/div>\n<\/div>\n<\/div>\n\n\n\n<div class=\"wp-block-group is-nowrap is-layout-flex wp-container-core-group-is-layout-63e6b0b6 wp-block-group-is-layout-flex\" style=\"padding-top:0;padding-right:0;padding-bottom:0;padding-left:0\">\n<h2 class=\"wp-block-heading\">2021<\/h2>\n\n\n\n<div class=\"wp-block-buttons is-content-justification-left is-nowrap is-layout-flex wp-container-core-buttons-is-layout-32e5e4d9 wp-block-buttons-is-layout-flex\" style=\"margin-top:var(--wp--preset--spacing--20);margin-bottom:var(--wp--preset--spacing--20)\">\n<div class=\"wp-block-button\"><a class=\"wp-block-button__link wp-element-button\" href=\"https:\/\/www.sjovalla.se\/wp-content\/uploads\/2022\/12\/sjovallabladet-2021-nr-1.pdf\" target=\"_blank\" rel=\"noreferrer noopener\">Nummer 1<\/a><\/div>\n<\/div>\n\n\n\n<div class=\"wp-block-buttons is-nowrap is-layout-flex wp-container-core-buttons-is-layout-ad2f72ca wp-block-buttons-is-layout-flex\">\n<div class=\"wp-block-button\"><a class=\"wp-block-button__link wp-element-button\" href=\"https:\/\/www.sjovalla.se\/wp-content\/uploads\/2022\/12\/sjovallabladet-2021-nr-2.pdf\" target=\"_blank\" rel=\"noreferrer noopener\">Nummer 2<\/a><\/div>\n<\/div>\n<\/div>\n\n\n\n<div class=\"wp-block-group is-nowrap is-layout-flex wp-container-core-group-is-layout-63e6b0b6 wp-block-group-is-layout-flex\" style=\"padding-top:0;padding-right:0;padding-bottom:0;padding-left:0\">\n<h2 class=\"wp-block-heading\">2020<\/h2>\n\n\n\n<div class=\"wp-block-buttons is-content-justification-left is-nowrap is-layout-flex wp-container-core-buttons-is-layout-32e5e4d9 wp-block-buttons-is-layout-flex\" style=\"margin-top:var(--wp--preset--spacing--20);margin-bottom:var(--wp--preset--spacing--20)\">\n<div class=\"wp-block-button\"><a class=\"wp-block-button__link wp-element-button\" href=\"https:\/\/www.sjovalla.se\/wp-content\/uploads\/2022\/12\/sjovallabladet-2020-nr-1.pdf\" target=\"_blank\" rel=\"noreferrer noopener\">Nummer 1<\/a><\/div>\n<\/div>\n\n\n\n<div class=\"wp-block-buttons is-nowrap is-layout-flex wp-container-core-buttons-is-layout-ad2f72ca wp-block-buttons-is-layout-flex\">\n<div class=\"wp-block-button\"><a class=\"wp-block-button__link wp-element-button\" href=\"https:\/\/www.sjovalla.se\/wp-content\/uploads\/2022\/12\/sjovallabladet-2020-nr-2.pdf\" target=\"_blank\" rel=\"noreferrer noopener\">Nummer 2<\/a><\/div>\n<\/div>\n<\/div>\n\n\n\n<div class=\"wp-block-group is-nowrap is-layout-flex wp-container-core-group-is-layout-63e6b0b6 wp-block-group-is-layout-flex\" style=\"padding-top:0;padding-right:0;padding-bottom:0;padding-left:0\">\n<h2 class=\"wp-block-heading\">2019<\/h2>\n\n\n\n<div class=\"wp-block-buttons is-content-justification-left is-nowrap is-layout-flex wp-container-core-buttons-is-layout-32e5e4d9 wp-block-buttons-is-layout-flex\" style=\"margin-top:var(--wp--preset--spacing--20);margin-bottom:var(--wp--preset--spacing--20)\">\n<div class=\"wp-block-button\"><a class=\"wp-block-button__link wp-element-button\" href=\"https:\/\/www.sjovalla.se\/wp-content\/uploads\/2022\/12\/sjovallabladet-2019-nr-1.pdf\" target=\"_blank\" rel=\"noreferrer noopener\">Nummer 1<\/a><\/div>\n<\/div>\n\n\n\n<div class=\"wp-block-buttons is-nowrap is-layout-flex wp-container-core-buttons-is-layout-ad2f72ca wp-block-buttons-is-layout-flex\">\n<div class=\"wp-block-button\"><a class=\"wp-block-button__link wp-element-button\" href=\"https:\/\/www.sjovalla.se\/wp-content\/uploads\/2022\/12\/sjovallabladet-2019-nr-2.pdf\" target=\"_blank\" rel=\"noreferrer noopener\">Nummer 2<\/a><\/div>\n<\/div>\n<\/div>\n\n\n\n<div class=\"wp-block-group is-nowrap is-layout-flex wp-container-core-group-is-layout-63e6b0b6 wp-block-group-is-layout-flex\" style=\"padding-top:0;padding-right:0;padding-bottom:0;padding-left:0\">\n<h2 class=\"wp-block-heading\">2018<\/h2>\n\n\n\n<div class=\"wp-block-buttons is-content-justification-left is-nowrap is-layout-flex wp-container-core-buttons-is-layout-32e5e4d9 wp-block-buttons-is-layout-flex\" style=\"margin-top:var(--wp--preset--spacing--20);margin-bottom:var(--wp--preset--spacing--20)\">\n<div class=\"wp-block-button\"><a class=\"wp-block-button__link wp-element-button\" href=\"https:\/\/www.sjovalla.se\/wp-content\/uploads\/2022\/12\/sjovallabladet-2018-nr-1.pdf\" target=\"_blank\" rel=\"noreferrer noopener\">Nummer 1<\/a><\/div>\n<\/div>\n\n\n\n<div class=\"wp-block-buttons is-nowrap is-layout-flex wp-container-core-buttons-is-layout-ad2f72ca wp-block-buttons-is-layout-flex\">\n<div class=\"wp-block-button\"><a class=\"wp-block-button__link wp-element-button\" href=\"https:\/\/www.sjovalla.se\/wp-content\/uploads\/2022\/12\/sjovallabladet-2018-nr-2.pdf\" target=\"_blank\" rel=\"noreferrer noopener\">Nummer 2<\/a><\/div>\n<\/div>\n<\/div>\n\n\n\n<div class=\"wp-block-group is-nowrap is-layout-flex wp-container-core-group-is-layout-63e6b0b6 wp-block-group-is-layout-flex\" style=\"padding-top:0;padding-right:0;padding-bottom:0;padding-left:0\">\n<h2 class=\"wp-block-heading\">2017<\/h2>\n\n\n\n<div class=\"wp-block-buttons is-content-justification-left is-nowrap is-layout-flex wp-container-core-buttons-is-layout-32e5e4d9 wp-block-buttons-is-layout-flex\" style=\"margin-top:var(--wp--preset--spacing--20);margin-bottom:var(--wp--preset--spacing--20)\">\n<div class=\"wp-block-button\"><a class=\"wp-block-button__link wp-element-button\" href=\"https:\/\/www.sjovalla.se\/wp-content\/uploads\/2022\/12\/sjovallabladet-2017-nr-1.pdf\" target=\"_blank\" rel=\"noreferrer noopener\">Nummer 1<\/a><\/div>\n<\/div>\n\n\n\n<div class=\"wp-block-buttons is-nowrap is-layout-flex wp-container-core-buttons-is-layout-ad2f72ca wp-block-buttons-is-layout-flex\">\n<div class=\"wp-block-button\"><a class=\"wp-block-button__link wp-element-button\" href=\"https:\/\/www.sjovalla.se\/wp-content\/uploads\/2022\/12\/sjovallabladet-2017-nr-2.pdf\" target=\"_blank\" rel=\"noreferrer noopener\">Nummer 2<\/a><\/div>\n<\/div>\n<\/div>\n\n\n\n<div class=\"wp-block-group is-nowrap is-layout-flex wp-container-core-group-is-layout-63e6b0b6 wp-block-group-is-layout-flex\" style=\"padding-top:0;padding-right:0;padding-bottom:0;padding-left:0\">\n<h2 class=\"wp-block-heading\">2016<\/h2>\n\n\n\n<div class=\"wp-block-buttons is-content-justification-left is-nowrap is-layout-flex wp-container-core-buttons-is-layout-32e5e4d9 wp-block-buttons-is-layout-flex\" style=\"margin-top:var(--wp--preset--spacing--20);margin-bottom:var(--wp--preset--spacing--20)\">\n<div class=\"wp-block-button\"><a class=\"wp-block-button__link wp-element-button\" href=\"https:\/\/www.sjovalla.se\/wp-content\/uploads\/2022\/12\/sjovallabladet-2016-nr-1.pdf\" target=\"_blank\" rel=\"noreferrer noopener\">Nummer 1<\/a><\/div>\n<\/div>\n\n\n\n<div class=\"wp-block-buttons is-nowrap is-layout-flex wp-container-core-buttons-is-layout-ad2f72ca wp-block-buttons-is-layout-flex\">\n<div class=\"wp-block-button\"><a class=\"wp-block-button__link wp-element-button\" href=\"https:\/\/www.sjovalla.se\/wp-content\/uploads\/2022\/12\/sjovallabladet-2016-nr-2.pdf\" target=\"_blank\" rel=\"noreferrer noopener\">Nummer 2<\/a><\/div>\n<\/div>\n<\/div>\n\n\n\n<div class=\"wp-block-group is-nowrap is-layout-flex wp-container-core-group-is-layout-63e6b0b6 wp-block-group-is-layout-flex\" style=\"padding-top:0;padding-right:0;padding-bottom:0;padding-left:0\">\n<h2 class=\"wp-block-heading\">2015<\/h2>\n\n\n\n<div class=\"wp-block-buttons is-content-justification-left is-nowrap is-layout-flex wp-container-core-buttons-is-layout-32e5e4d9 wp-block-buttons-is-layout-flex\" style=\"margin-top:var(--wp--preset--spacing--20);margin-bottom:var(--wp--preset--spacing--20)\">\n<div class=\"wp-block-button\"><a class=\"wp-block-button__link wp-element-button\" href=\"https:\/\/www.sjovalla.se\/wp-content\/uploads\/2022\/12\/sjovallabladet-2015-nr-1.pdf\" target=\"_blank\" rel=\"noreferrer noopener\">Nummer 1<\/a><\/div>\n<\/div>\n\n\n\n<div class=\"wp-block-buttons is-nowrap is-layout-flex wp-container-core-buttons-is-layout-ad2f72ca wp-block-buttons-is-layout-flex\">\n<div class=\"wp-block-button\"><a class=\"wp-block-button__link wp-element-button\" href=\"https:\/\/www.sjovalla.se\/wp-content\/uploads\/2022\/12\/sjovallabladet-2015-nr-2.pdf\" target=\"_blank\" rel=\"noreferrer noopener\">Nummer 2<\/a><\/div>\n<\/div>\n<\/div>\n\n\n\n<div class=\"wp-block-group is-nowrap is-layout-flex wp-container-core-group-is-layout-63e6b0b6 wp-block-group-is-layout-flex\" style=\"padding-top:0;padding-right:0;padding-bottom:0;padding-left:0\">\n<h2 class=\"wp-block-heading\">2014<\/h2>\n\n\n\n<div class=\"wp-block-buttons is-content-justification-left is-nowrap is-layout-flex wp-container-core-buttons-is-layout-32e5e4d9 wp-block-buttons-is-layout-flex\" style=\"margin-top:var(--wp--preset--spacing--20);margin-bottom:var(--wp--preset--spacing--20)\">\n<div class=\"wp-block-button\"><a class=\"wp-block-button__link wp-element-button\" href=\"https:\/\/www.sjovalla.se\/wp-content\/uploads\/2022\/12\/sjovallabladet-2014-nr-1.pdf\" target=\"_blank\" rel=\"noreferrer noopener\">Nummer 1<\/a><\/div>\n<\/div>\n\n\n\n<div class=\"wp-block-buttons is-nowrap is-layout-flex wp-container-core-buttons-is-layout-ad2f72ca wp-block-buttons-is-layout-flex\">\n<div class=\"wp-block-button\"><a class=\"wp-block-button__link wp-element-button\" href=\"https:\/\/www.sjovalla.se\/wp-content\/uploads\/2022\/12\/sjovallabladet-2014-nr-2.pdf\" target=\"_blank\" rel=\"noreferrer noopener\">Nummer 2<\/a><\/div>\n<\/div>\n<\/div>\n\n\n\n<div class=\"wp-block-group is-nowrap is-layout-flex wp-container-core-group-is-layout-63e6b0b6 wp-block-group-is-layout-flex\" style=\"padding-top:0;padding-right:0;padding-bottom:0;padding-left:0\">\n<h2 class=\"wp-block-heading\">2013<\/h2>\n\n\n\n<div class=\"wp-block-buttons is-content-justification-left is-nowrap is-layout-flex wp-container-core-buttons-is-layout-32e5e4d9 wp-block-buttons-is-layout-flex\" style=\"margin-top:var(--wp--preset--spacing--20);margin-bottom:var(--wp--preset--spacing--20)\">\n<div class=\"wp-block-button\"><a class=\"wp-block-button__link wp-element-button\" href=\"https:\/\/www.sjovalla.se\/wp-content\/uploads\/2022\/12\/sjovallabladet-2013-nr-1.pdf\" target=\"_blank\" rel=\"noreferrer noopener\">Nummer 1<\/a><\/div>\n<\/div>\n\n\n\n<div class=\"wp-block-buttons is-nowrap is-layout-flex wp-container-core-buttons-is-layout-ad2f72ca wp-block-buttons-is-layout-flex\">\n<div class=\"wp-block-button\"><a class=\"wp-block-button__link wp-element-button\" href=\"https:\/\/www.sjovalla.se\/wp-content\/uploads\/2022\/12\/sjovallabladet-2013-nr-2.pdf\" target=\"_blank\" rel=\"noreferrer noopener\">Nummer 2<\/a><\/div>\n<\/div>\n<\/div>\n\n\n\n<div class=\"wp-block-group is-nowrap is-layout-flex wp-container-core-group-is-layout-63e6b0b6 wp-block-group-is-layout-flex\" style=\"padding-top:0;padding-right:0;padding-bottom:0;padding-left:0\">\n<h2 class=\"wp-block-heading\">2012<\/h2>\n\n\n\n<div class=\"wp-block-buttons is-content-justification-left is-nowrap is-layout-flex wp-container-core-buttons-is-layout-32e5e4d9 wp-block-buttons-is-layout-flex\" style=\"margin-top:var(--wp--preset--spacing--20);margin-bottom:var(--wp--preset--spacing--20)\">\n<div class=\"wp-block-button\"><a class=\"wp-block-button__link wp-element-button\" href=\"https:\/\/www.sjovalla.se\/wp-content\/uploads\/2022\/12\/sjovallabladet-2012-nr-1.pdf\" target=\"_blank\" rel=\"noreferrer noopener\">Nummer 1<\/a><\/div>\n<\/div>\n\n\n\n<div class=\"wp-block-buttons is-nowrap is-layout-flex wp-container-core-buttons-is-layout-ad2f72ca wp-block-buttons-is-layout-flex\">\n<div class=\"wp-block-button\"><a class=\"wp-block-button__link wp-element-button\" href=\"https:\/\/www.sjovalla.se\/wp-content\/uploads\/2022\/12\/sjovallabladet-2012-nr-2.pdf\" target=\"_blank\" rel=\"noreferrer noopener\">Nummer 2<\/a><\/div>\n<\/div>\n<\/div>\n\n\n\n<div class=\"wp-block-group is-nowrap is-layout-flex wp-container-core-group-is-layout-63e6b0b6 wp-block-group-is-layout-flex\" style=\"padding-top:0;padding-right:0;padding-bottom:0;padding-left:0\">\n<h2 class=\"wp-block-heading\">2011<\/h2>\n\n\n\n<div class=\"wp-block-buttons is-content-justification-left is-nowrap is-layout-flex wp-container-core-buttons-is-layout-32e5e4d9 wp-block-buttons-is-layout-flex\" style=\"margin-top:var(--wp--preset--spacing--20);margin-bottom:var(--wp--preset--spacing--20)\">\n<div class=\"wp-block-button\"><a class=\"wp-block-button__link wp-element-button\" href=\"https:\/\/www.sjovalla.se\/wp-content\/uploads\/2022\/12\/sjovallabladet-2011-nr-1.pdf\" target=\"_blank\" rel=\"noreferrer noopener\">Nummer 1<\/a><\/div>\n<\/div>\n\n\n\n<div class=\"wp-block-buttons is-nowrap is-layout-flex wp-container-core-buttons-is-layout-ad2f72ca wp-block-buttons-is-layout-flex\">\n<div class=\"wp-block-button\"><a class=\"wp-block-button__link wp-element-button\" href=\"https:\/\/www.sjovalla.se\/wp-content\/uploads\/2022\/12\/sjovallabladet-2011-nr-2.pdf\" target=\"_blank\" rel=\"noreferrer noopener\">Nummer 2<\/a><\/div>\n<\/div>\n<\/div>\n\n\n\n<div class=\"wp-block-group is-nowrap is-layout-flex wp-container-core-group-is-layout-63e6b0b6 wp-block-group-is-layout-flex\" style=\"padding-top:0;padding-right:0;padding-bottom:0;padding-left:0\">\n<h2 class=\"wp-block-heading\">2010<\/h2>\n\n\n\n<div class=\"wp-block-buttons is-content-justification-left is-nowrap is-layout-flex wp-container-core-buttons-is-layout-32e5e4d9 wp-block-buttons-is-layout-flex\" style=\"margin-top:var(--wp--preset--spacing--20);margin-bottom:var(--wp--preset--spacing--20)\">\n<div class=\"wp-block-button\"><a class=\"wp-block-button__link wp-element-button\" href=\"https:\/\/www.sjovalla.se\/wp-content\/uploads\/2022\/12\/sjovallabladet-2010-nr-1.pdf\" target=\"_blank\" rel=\"noreferrer noopener\">Nummer 1<\/a><\/div>\n<\/div>\n\n\n\n<div class=\"wp-block-buttons is-nowrap is-layout-flex wp-container-core-buttons-is-layout-ad2f72ca wp-block-buttons-is-layout-flex\">\n<div class=\"wp-block-button\"><a class=\"wp-block-button__link wp-element-button\" href=\"https:\/\/www.sjovalla.se\/wp-content\/uploads\/2022\/12\/sjovallabladet-2010-nr-2.pdf\" target=\"_blank\" rel=\"noreferrer noopener\">Nummer 2<\/a><\/div>\n<\/div>\n<\/div>\n\n\n\n<div class=\"wp-block-group is-nowrap is-layout-flex wp-container-core-group-is-layout-63e6b0b6 wp-block-group-is-layout-flex\" style=\"padding-top:0;padding-right:0;padding-bottom:0;padding-left:0\">\n<h2 class=\"wp-block-heading\">2009<\/h2>\n\n\n\n<div class=\"wp-block-buttons is-content-justification-left is-nowrap is-layout-flex wp-container-core-buttons-is-layout-32e5e4d9 wp-block-buttons-is-layout-flex\" style=\"margin-top:var(--wp--preset--spacing--20);margin-bottom:var(--wp--preset--spacing--20)\">\n<div class=\"wp-block-button\"><a class=\"wp-block-button__link wp-element-button\" href=\"https:\/\/www.sjovalla.se\/wp-content\/uploads\/2022\/12\/sjovallabladet-2009-nr-1.pdf\" target=\"_blank\" rel=\"noreferrer noopener\">Nummer 1<\/a><\/div>\n<\/div>\n\n\n\n<div class=\"wp-block-buttons is-nowrap is-layout-flex wp-container-core-buttons-is-layout-ad2f72ca wp-block-buttons-is-layout-flex\">\n<div class=\"wp-block-button\"><a class=\"wp-block-button__link wp-element-button\" href=\"https:\/\/www.sjovalla.se\/wp-content\/uploads\/2022\/12\/sjovallabladet-2009-nr-2.pdf\" target=\"_blank\" rel=\"noreferrer noopener\">Nummer 2<\/a><\/div>\n<\/div>\n<\/div>\n\n\n\n<div class=\"wp-block-group is-nowrap is-layout-flex wp-container-core-group-is-layout-63e6b0b6 wp-block-group-is-layout-flex\" style=\"padding-top:0;padding-right:0;padding-bottom:0;padding-left:0\">\n<h2 class=\"wp-block-heading\">2008<\/h2>\n\n\n\n<div class=\"wp-block-buttons is-content-justification-left is-nowrap is-layout-flex wp-container-core-buttons-is-layout-32e5e4d9 wp-block-buttons-is-layout-flex\" style=\"margin-top:var(--wp--preset--spacing--20);margin-bottom:var(--wp--preset--spacing--20)\">\n<div class=\"wp-block-button\"><a class=\"wp-block-button__link wp-element-button\" href=\"https:\/\/www.sjovalla.se\/wp-content\/uploads\/2022\/12\/sjovallabladet-2008-nr-1.pdf\" target=\"_blank\" rel=\"noreferrer noopener\">Nummer 1<\/a><\/div>\n<\/div>\n\n\n\n<div class=\"wp-block-buttons is-nowrap is-layout-flex wp-container-core-buttons-is-layout-ad2f72ca wp-block-buttons-is-layout-flex\">\n<div class=\"wp-block-button\"><a class=\"wp-block-button__link wp-element-button\" href=\"https:\/\/www.sjovalla.se\/wp-content\/uploads\/2022\/12\/sjovallabladet-2008-nr-2.pdf\" target=\"_blank\" rel=\"noreferrer noopener\">Nummer 2<\/a><\/div>\n<\/div>\n<\/div>\n<\/div>\n\n\n\n<p><\/p>\n","protected":false},"excerpt":{"rendered":"<p>L\u00e4s mer om olika h\u00e4ndelser i klubbens historia genom Sj\u00f6vallabladet Du missade v\u00e4l inte v\u00e5rt 75-\u00e5rsjubileium i Sj\u00f6 Nummer 1vallabladet [&hellip;]<\/p>\n","protected":false},"author":1,"featured_media":0,"parent":109,"menu_order":4,"comment_status":"closed","ping_status":"closed","template":"","meta":{"footnotes":""},"class_list":["post-368","page","type-page","status-publish","hentry"],"_links":{"self":[{"href":"https:\/\/www.sjovalla.se\/index.php\/wp-json\/wp\/v2\/pages\/368","targetHints":{"allow":["GET"]}}],"collection":[{"href":"https:\/\/www.sjovalla.se\/index.php\/wp-json\/wp\/v2\/pages"}],"about":[{"href":"https:\/\/www.sjovalla.se\/index.php\/wp-json\/wp\/v2\/types\/page"}],"author":[{"embeddable":true,"href":"https:\/\/www.sjovalla.se\/index.php\/wp-json\/wp\/v2\/users\/1"}],"replies":[{"embeddable":true,"href":"https:\/\/www.sjovalla.se\/index.php\/wp-json\/wp\/v2\/comments?post=368"}],"version-history":[{"count":64,"href":"https:\/\/www.sjovalla.se\/index.php\/wp-json\/wp\/v2\/pages\/368\/revisions"}],"predecessor-version":[{"id":1196,"href":"https:\/\/www.sjovalla.se\/index.php\/wp-json\/wp\/v2\/pages\/368\/revisions\/1196"}],"up":[{"embeddable":true,"href":"https:\/\/www.sjovalla.se\/index.php\/wp-json\/wp\/v2\/pages\/109"}],"wp:attachment":[{"href":"https:\/\/www.sjovalla.se\/index.php\/wp-json\/wp\/v2\/media?parent=368"}],"curies":[{"name":"wp","href":"https:\/\/api.w.org\/{rel}","templated":true}]}}