{"id":245,"date":"2022-12-11T23:05:07","date_gmt":"2022-12-11T22:05:07","guid":{"rendered":"https:\/\/www.sjovalla.se\/?page_id=245"},"modified":"2022-12-11T23:05:07","modified_gmt":"2022-12-11T22:05:07","slug":"frisksportungdom","status":"publish","type":"page","link":"https:\/\/www.sjovalla.se\/index.php\/sektioner\/frisksportungdom\/","title":{"rendered":"Frisksportungdom"},"content":{"rendered":"\n<p>Klubben &#8221;Sj\u00f6valla Frisksportungdom&#8221;, f\u00f6rkortas &#8221;Sj\u00f6valla FU&#8221;, \u00e4r en separat klubb f\u00f6r alla barn och ungdomar i Sj\u00f6valla. Medlemmar i klubben \u00e4r alla sj\u00f6vallaiter upp till och med det \u00e5r man fyller 25 \u00e5r samt de \u00e4ldre sj\u00f6vallaiter som har funktion\u00e4rsuppdrag i klubben i huvudsak som styrelsemedlemmar.<\/p>\n","protected":false},"excerpt":{"rendered":"<p>Klubben &#8221;Sj\u00f6valla Frisksportungdom&#8221;, f\u00f6rkortas &#8221;Sj\u00f6valla FU&#8221;, \u00e4r en separat klubb f\u00f6r alla barn och ungdomar i Sj\u00f6valla. Medlemmar i klubben [&hellip;]<\/p>\n","protected":false},"author":1,"featured_media":0,"parent":230,"menu_order":0,"comment_status":"closed","ping_status":"closed","template":"","meta":{"footnotes":""},"class_list":["post-245","page","type-page","status-publish","hentry"],"_links":{"self":[{"href":"https:\/\/www.sjovalla.se\/index.php\/wp-json\/wp\/v2\/pages\/245","targetHints":{"allow":["GET"]}}],"collection":[{"href":"https:\/\/www.sjovalla.se\/index.php\/wp-json\/wp\/v2\/pages"}],"about":[{"href":"https:\/\/www.sjovalla.se\/index.php\/wp-json\/wp\/v2\/types\/page"}],"author":[{"embeddable":true,"href":"https:\/\/www.sjovalla.se\/index.php\/wp-json\/wp\/v2\/users\/1"}],"replies":[{"embeddable":true,"href":"https:\/\/www.sjovalla.se\/index.php\/wp-json\/wp\/v2\/comments?post=245"}],"version-history":[{"count":2,"href":"https:\/\/www.sjovalla.se\/index.php\/wp-json\/wp\/v2\/pages\/245\/revisions"}],"predecessor-version":[{"id":469,"href":"https:\/\/www.sjovalla.se\/index.php\/wp-json\/wp\/v2\/pages\/245\/revisions\/469"}],"up":[{"embeddable":true,"href":"https:\/\/www.sjovalla.se\/index.php\/wp-json\/wp\/v2\/pages\/230"}],"wp:attachment":[{"href":"https:\/\/www.sjovalla.se\/index.php\/wp-json\/wp\/v2\/media?parent=245"}],"curies":[{"name":"wp","href":"https:\/\/api.w.org\/{rel}","templated":true}]}}