{"id":242,"date":"2022-11-11T20:05:32","date_gmt":"2022-11-11T19:05:32","guid":{"rendered":"https:\/\/www.sjovalla.se\/?page_id=242"},"modified":"2026-04-01T12:20:23","modified_gmt":"2026-04-01T10:20:23","slug":"mountainbike","status":"publish","type":"page","link":"https:\/\/www.sjovalla.se\/index.php\/sektioner\/mountainbike\/","title":{"rendered":"Mountainbike"},"content":{"rendered":"\n<p class=\"has-sfkyellow-background-color has-background\"><strong>V\u00e4lkommen till Sj\u00f6valla&#8217;s  Mountainbike-sektion<\/strong>, f\u00f6r tillf\u00e4llet \u00e4r sektionen vilande i v\u00e4ntan p\u00e5 nya ledare.<\/p>\n\n\n\n<p><\/p>\n\n\n\n<p class=\"has-sfklightgreen-background-color has-background\">Sj\u00f6valla FK s\u00f6ker intresserade ledare som vill engagera sig i MTB-sektionen. \u00c4r Du, kanske som f\u00f6r\u00e4lder, en aktiv MTB-cyklist och vill engagera dig i sektionen, h\u00f6r av dig s\u00e5 ber\u00e4ttar vi mer. Tillsammans skapar vi en aktiv MTB sektion!<\/p>\n\n\n\n<p><\/p>\n\n\n\n<h2 class=\"wp-block-heading\">kontakt<\/h2>\n\n\n\n<p class=\"has-sfklightgreen-background-color has-background\">Vid intresse kan Du kontakta Lasse Ljungberg, tel: 070-865 18 71 <\/p>\n\n\n\n<p><\/p>\n\n\n\n<p><\/p>\n","protected":false},"excerpt":{"rendered":"<p>V\u00e4lkommen till Sj\u00f6valla&#8217;s Mountainbike-sektion, f\u00f6r tillf\u00e4llet \u00e4r sektionen vilande i v\u00e4ntan p\u00e5 nya ledare. Sj\u00f6valla FK s\u00f6ker intresserade ledare som [&hellip;]<\/p>\n","protected":false},"author":1,"featured_media":0,"parent":230,"menu_order":0,"comment_status":"closed","ping_status":"closed","template":"","meta":{"footnotes":""},"class_list":["post-242","page","type-page","status-publish","hentry"],"_links":{"self":[{"href":"https:\/\/www.sjovalla.se\/index.php\/wp-json\/wp\/v2\/pages\/242","targetHints":{"allow":["GET"]}}],"collection":[{"href":"https:\/\/www.sjovalla.se\/index.php\/wp-json\/wp\/v2\/pages"}],"about":[{"href":"https:\/\/www.sjovalla.se\/index.php\/wp-json\/wp\/v2\/types\/page"}],"author":[{"embeddable":true,"href":"https:\/\/www.sjovalla.se\/index.php\/wp-json\/wp\/v2\/users\/1"}],"replies":[{"embeddable":true,"href":"https:\/\/www.sjovalla.se\/index.php\/wp-json\/wp\/v2\/comments?post=242"}],"version-history":[{"count":17,"href":"https:\/\/www.sjovalla.se\/index.php\/wp-json\/wp\/v2\/pages\/242\/revisions"}],"predecessor-version":[{"id":1233,"href":"https:\/\/www.sjovalla.se\/index.php\/wp-json\/wp\/v2\/pages\/242\/revisions\/1233"}],"up":[{"embeddable":true,"href":"https:\/\/www.sjovalla.se\/index.php\/wp-json\/wp\/v2\/pages\/230"}],"wp:attachment":[{"href":"https:\/\/www.sjovalla.se\/index.php\/wp-json\/wp\/v2\/media?parent=242"}],"curies":[{"name":"wp","href":"https:\/\/api.w.org\/{rel}","templated":true}]}}