{"id":236,"date":"2022-11-09T20:02:34","date_gmt":"2022-11-09T19:02:34","guid":{"rendered":"https:\/\/www.sjovalla.se\/?page_id=236"},"modified":"2025-08-27T14:13:23","modified_gmt":"2025-08-27T12:13:23","slug":"bli-medlem-i-sjovalla-frisksportklubb","status":"publish","type":"page","link":"https:\/\/www.sjovalla.se\/index.php\/for-medlemmar\/bli-medlem-i-sjovalla-frisksportklubb\/","title":{"rendered":"Bli medlem i Sj\u00f6valla Frisksportklubb"},"content":{"rendered":"\n<p>Som medlem f\u00e5r du vara med i f\u00f6reningens alla aktiviteter men du f\u00e5r ocks\u00e5 dra nytta av v\u00e5ra medlemsf\u00f6rm\u00e5ner s\u00e5 som rabatterade priser f\u00f6r Finnsj\u00f6g\u00e5rden och kl\u00e4der (inom vissa sektioner) med mera.<\/p>\n\n\n\n<h2 class=\"wp-block-heading\">Vill du bli medlem?<\/h2>\n\n\n\n<p>Vad roligt! Vi beh\u00f6ver f\u00f6ljande uppgifter:<\/p>\n\n\n\n<div class=\"wp-block-columns is-layout-flex wp-container-core-columns-is-layout-9d6595d7 wp-block-columns-is-layout-flex\">\n<div class=\"wp-block-column is-layout-flow wp-block-column-is-layout-flow\" style=\"padding-top:0;padding-right:0;padding-bottom:0;padding-left:0\">\n<div class=\"wp-block-group has-foreground-color has-primary-background-color has-text-color has-background is-layout-constrained wp-container-core-group-is-layout-97875daf wp-block-group-is-layout-constrained\" style=\"border-radius:5px;padding-top:var(--wp--preset--spacing--30);padding-right:var(--wp--preset--spacing--30);padding-bottom:var(--wp--preset--spacing--30);padding-left:var(--wp--preset--spacing--30)\">\n<ul class=\"wp-block-list\">\n<li>F\u00f6r- och efternamn<\/li>\n\n\n\n<li>Adress<\/li>\n\n\n\n<li>Telefonnummer<\/li>\n\n\n\n<li>E-postadress<\/li>\n\n\n\n<li>Personnummer (YYYYMMDD-NNNN)<\/li>\n\n\n\n<li>Eventuell sektionstillh\u00f6righet (<em>Fotboll, Orientering, Mountainbike, Chillskate, Seniorerna, Skidor, Trampolin\/Sacro, Volleyboll<\/em>)<\/li>\n<\/ul>\n\n\n\n<p>Skicka uppgifterna till barbroe.mansson@gmail.com<\/p>\n<\/div>\n<\/div>\n<\/div>\n\n\n\n<h2 class=\"wp-block-heading\">Medlemsavgift 2025<\/h2>\n\n\n\n<figure class=\"wp-block-table\"><table><tbody><tr><td>Ungdom&nbsp;(t.o.m. det kalender\u00e5r&nbsp;man fyller&nbsp;25 \u00e5r)<\/td><td>250:-<\/td><\/tr><tr><td>Seniorer (fr.o.m. det kalender\u00e5r man fyller&nbsp;26 \u00e5r)<\/td><td>300:-<\/td><\/tr><tr><td>Seniorer (fr.o.m. det kalender\u00e5r man fyller 85 \u00e5r)<\/td><td>100:-<\/td><\/tr><tr><td>Familjeavgift<\/td><td>700:-<\/td><\/tr><\/tbody><\/table><\/figure>\n\n\n\n<p>Avgiften betalas in till <strong>Bankgiro<\/strong> <strong>587-4342<\/strong><\/p>\n\n\n\n<p>Om du \u00e4r medlem sedan tidigare och betalar genom familjemedlemskap s\u00e5 skickas p\u00e5minnelse om medlemsavgift endast till en av de vuxna i familjen (via email).<\/p>\n\n\n\n<div style=\"height:15px\" aria-hidden=\"true\" class=\"wp-block-spacer\"><\/div>\n\n\n\n<h2 class=\"wp-block-heading\">Kontakt<\/h2>\n\n\n\n<p>Uppgifter eller fr\u00e5gor om medlemshantering\/-avgifter h\u00e4nvisas till medlemskass\u00f6r Barbro M\u00e5nsson.&nbsp;<br>E-mail:&nbsp;barbroe.mansson@gmail.com<br>Telefon: 0701 &#8211; 88 65 25<\/p>\n","protected":false},"excerpt":{"rendered":"<p>Som medlem f\u00e5r du vara med i f\u00f6reningens alla aktiviteter men du f\u00e5r ocks\u00e5 dra nytta av v\u00e5ra medlemsf\u00f6rm\u00e5ner s\u00e5 [&hellip;]<\/p>\n","protected":false},"author":1,"featured_media":0,"parent":114,"menu_order":1,"comment_status":"closed","ping_status":"closed","template":"","meta":{"footnotes":""},"class_list":["post-236","page","type-page","status-publish","hentry"],"_links":{"self":[{"href":"https:\/\/www.sjovalla.se\/index.php\/wp-json\/wp\/v2\/pages\/236","targetHints":{"allow":["GET"]}}],"collection":[{"href":"https:\/\/www.sjovalla.se\/index.php\/wp-json\/wp\/v2\/pages"}],"about":[{"href":"https:\/\/www.sjovalla.se\/index.php\/wp-json\/wp\/v2\/types\/page"}],"author":[{"embeddable":true,"href":"https:\/\/www.sjovalla.se\/index.php\/wp-json\/wp\/v2\/users\/1"}],"replies":[{"embeddable":true,"href":"https:\/\/www.sjovalla.se\/index.php\/wp-json\/wp\/v2\/comments?post=236"}],"version-history":[{"count":23,"href":"https:\/\/www.sjovalla.se\/index.php\/wp-json\/wp\/v2\/pages\/236\/revisions"}],"predecessor-version":[{"id":1138,"href":"https:\/\/www.sjovalla.se\/index.php\/wp-json\/wp\/v2\/pages\/236\/revisions\/1138"}],"up":[{"embeddable":true,"href":"https:\/\/www.sjovalla.se\/index.php\/wp-json\/wp\/v2\/pages\/114"}],"wp:attachment":[{"href":"https:\/\/www.sjovalla.se\/index.php\/wp-json\/wp\/v2\/media?parent=236"}],"curies":[{"name":"wp","href":"https:\/\/api.w.org\/{rel}","templated":true}]}}