{"id":223,"date":"2022-11-09T01:20:57","date_gmt":"2022-11-09T00:20:57","guid":{"rendered":"https:\/\/www.sjovalla.se\/?page_id=223"},"modified":"2026-03-31T18:42:54","modified_gmt":"2026-03-31T16:42:54","slug":"foreningen","status":"publish","type":"page","link":"https:\/\/www.sjovalla.se\/index.php\/om-oss\/foreningen\/","title":{"rendered":"F\u00f6reningsinformation Sj\u00f6valla FK"},"content":{"rendered":"\n<h2 class=\"wp-block-heading\"><\/h2>\n\n\n\n<figure class=\"wp-block-table\"><table><tbody><tr><td><strong>Bildad<\/strong><\/td><td>1946-01-01<\/td><\/tr><tr><td><strong>F\u00f6reningsnummer<\/strong><\/td><td>3586<\/td><\/tr><tr><td><strong>Postadress<\/strong><\/td><td>Finnsj\u00f6v\u00e4gen 12<br>43541&nbsp;M\u00f6lnlycke<\/td><\/tr><tr><td><strong>Telefon<\/strong><\/td><td>+4673-362 83 37<\/td><\/tr><tr><td><strong>E-post<\/strong><\/td><td><a href=\"mailto:corinne.blomqvist@hotmail.com\">corinne.blomqvist@hot&#8230;<\/a><\/td><\/tr><tr><td><strong>Hemsida<\/strong><\/td><td><a href=\"https:\/\/www.sjovalla.se\/\">https:\/\/www.sjovalla.se<\/a><\/td><\/tr><tr><td><strong>Bankgiro<\/strong><\/td><td>5617-2554<\/td><\/tr><tr><td><strong>Organisationsnummer<\/strong><\/td><td>852000-3305<\/td><\/tr><tr><td><strong>Telefon Finnsj\u00f6g\u00e5rden (n\u00e4r n\u00e5gon \u00e4r p\u00e5 plats)<\/strong><\/td><td>031-16 31 10<\/td><\/tr><\/tbody><\/table><\/figure>\n\n\n\n<p><\/p>\n\n\n\n<h2 class=\"wp-block-heading\">Styrelse<\/h2>\n\n\n\n<div class=\"wp-block-columns is-layout-flex wp-container-core-columns-is-layout-9d6595d7 wp-block-columns-is-layout-flex\">\n<div class=\"wp-block-column is-layout-flow wp-block-column-is-layout-flow\" style=\"flex-basis:100%\">\n<figure class=\"wp-block-table is-style-regular\"><table><tbody><tr><td><strong>Ordf\u00f6rande<\/strong><\/td><td>Karin Blomqvist<\/td><td>073-362 83 37<br><a href=\"mailto:corinne.blomqvist@hotmail.com\">E-mail<\/a><\/td><\/tr><tr><td><strong>Vice ordf\u00f6rande<\/strong><\/td><td>Leif Borg<\/td><td>070-5789449<br><a href=\"mailto:leif.borg@ptj.se\">E-mail<\/a><\/td><\/tr><tr><td><strong>Kass\u00f6r<\/strong><\/td><td>Jan Ryd\u00e9n<\/td><td>073-3130698<br><a href=\"mailto:jan.o.ryden@telia.com\">E-mail<\/a><\/td><\/tr><tr><td><strong>Sekreterare<\/strong><\/td><td>Lisa Larsson<\/td><td>0731-570902<br><a href=\"lisaiskogen@telia.com\">E-mail<\/a><\/td><\/tr><tr><td><strong>Ledamot<\/strong><\/td><td>Mikael Lindblom<\/td><td>0766-960522<br><a href=\"mailto: mikael.sundin22@gmail.com\">E-mail<\/a><\/td><\/tr><tr><td><strong>Ledamot Fotboll<\/strong><\/td><td>Kent Nilsson<\/td><td>072-5428853<br><a href=\"mailto:dime123@hotmail.se\">E-mail<\/a><\/td><\/tr><tr><td><strong>Ledamot Orientering<\/strong><\/td><td>Maria H\u00f6glund<\/td><td>0703-101383<br><a href=\"mailto:ordforande.orientering@sjovalla.se\">E-mail<\/a><\/td><\/tr><tr><td><strong>Ledamot&nbsp;Trampolin &#8211; SACRO<\/strong><\/td><td>Paula Nord\u00f6en&nbsp;<\/td><td>070-5380460<br><a href=\"mailto:paula.nordoen@gmail.com\">E-mail<\/a><\/td><\/tr><tr><td><strong>Ledamot Skateboard &#8211; Chillskate<\/strong><\/td><td>Helena Sundbeck<\/td><td>070-5534313<br><a href=\"mailto:helena.sundbeck@gmail.com\">E-mail<\/a><\/td><\/tr><tr><td><strong>Ledamot&nbsp;<\/strong><strong>Finnsj\u00f6g\u00e5rden<\/strong><\/td><td>Olle Lindkvist<\/td><td>031-880321<br>072-5022443<br><a href=\"mailto:fam.lindkvist@telia.com\">E-mail<\/a><\/td><\/tr><\/tbody><\/table><\/figure>\n<\/div>\n<\/div>\n\n\n\n<h2 class=\"wp-block-heading\">Sektionernas Ordf\u00f6randen<\/h2>\n\n\n\n<figure class=\"wp-block-table\"><table><tbody><tr><td><strong>Fotboll<\/strong><\/td><td>Kent Nilsson<\/td><td>072-5428853<br><a href=\"mailto:dime123@hotmail.se\">E-mail<\/a><\/td><\/tr><tr><td><strong>Orientering<\/strong><\/td><td>Maria H\u00f6glund<\/td><td>0703-101383<br><a href=\"mailto:ordforande.orientering@sjovalla.se\">E-mail<\/a><\/td><\/tr><tr><td><strong>Skateboard<\/strong>&nbsp;(Chillskate)<\/td><td>Anton Brymell<\/td><td><\/td><\/tr><tr><td><strong>Senior<\/strong> <\/td><td>Christer Berg (ombud)<\/td><td>031-883441<br><a href=\"mailto:berg.pixbo@gmail.com\">E-mail<\/a><\/td><\/tr><tr><td><strong>Skidor &amp; tr\u00e4ning<\/strong><\/td><td><\/td><td><br><a href=\"mailto:bernt.margit@telia.com\">E-mail<\/a><\/td><\/tr><tr><td><strong>Trampolin&nbsp;<\/strong>(Sacro)<\/td><td>Paula&nbsp;Nord\u00f6en&nbsp;<\/td><td>070-5380460<br><a href=\"mailto:paula.nordoen@gmail.com\">E-mail<\/a><\/td><\/tr><tr><td><strong>Volleyboll<\/strong><\/td><td>Per K\u00f6hler (ombud)<\/td><td>per_kohler@hotmail.com<\/td><\/tr><tr><td><strong>Mountainbike<\/strong><\/td><td>Lasse Ljungberg<\/td><td>070-865 18 71<br><a href=\"mailto:ingmar.stockagard@icloud.com\">E-mail<\/a><\/td><\/tr><tr><td><strong>Finnsj\u00f6g\u00e5rdens driftsgrupp<\/strong><\/td><td>Olle Lindkvist<\/td><td>031-880321<br><a href=\"mailto:fam.lindkvist@telia.com\">E-mail<\/a><\/td><\/tr><\/tbody><\/table><\/figure>\n\n\n\n<p><\/p>\n\n\n\n<p><\/p>\n\n\n\n<h2 class=\"wp-block-heading\">\u00d6vriga Funktion\u00e4rer<\/h2>\n\n\n\n<figure class=\"wp-block-table\"><table><tbody><tr><td><strong>Medlemskass\u00f6r<\/strong><\/td><td>Barbro M\u00e5nsson<\/td><td>070-1886525<br><a href=\"mailto:barbroe.mansson@gmail.com\">E-mail<\/a><\/td><\/tr><tr><td><strong>Redakt\u00f6r Sj\u00f6vallabladet<\/strong><\/td><td>Karin Blomqvist<\/td><td>073-3628337<br><a href=\"mailto:corinne.blomqvist@hotmail.com\">E-mail<\/a><\/td><\/tr><tr><td><strong>Utbildningssamordnare<\/strong><\/td><td>Lena Holmberg<\/td><td>070-2192186<br><a href=\"mailto:lmholmberg@gmail.com\">E-mail<\/a><\/td><\/tr><tr><td><strong>Lotteriansvarig<\/strong><\/td><td>Karin Blomqvist<\/td><td>073-3628337<br><a href=\"mailto:corinne.blomqvist@hotmail.com\">E-mail<\/a><\/td><\/tr><tr><td><strong>Uthyrningsansvarig, Finnsj\u00f6g\u00e5rden<\/strong><\/td><td>Inger Green<\/td><td>031-884773<br><a href=\"mailto:ingerochclaes@telia.com\">E-mail<\/a><\/td><\/tr><tr><td><strong>Webmaster<\/strong><\/td><td>Calle Bokedal<\/td><td><a href=\"mailto:calle.bokedal+sfkh@gmail.com\">E-mail<\/a><\/td><\/tr><\/tbody><\/table><\/figure>\n\n\n\n<p>\ufeff<\/p>\n","protected":false},"excerpt":{"rendered":"<p>Bildad 1946-01-01 F\u00f6reningsnummer 3586 Postadress Finnsj\u00f6v\u00e4gen 1243541&nbsp;M\u00f6lnlycke Telefon +4673-362 83 37 E-post corinne.blomqvist@hot&#8230; Hemsida https:\/\/www.sjovalla.se Bankgiro 5617-2554 Organisationsnummer 852000-3305 Telefon [&hellip;]<\/p>\n","protected":false},"author":1,"featured_media":0,"parent":109,"menu_order":3,"comment_status":"closed","ping_status":"closed","template":"","meta":{"footnotes":""},"class_list":["post-223","page","type-page","status-publish","hentry"],"_links":{"self":[{"href":"https:\/\/www.sjovalla.se\/index.php\/wp-json\/wp\/v2\/pages\/223","targetHints":{"allow":["GET"]}}],"collection":[{"href":"https:\/\/www.sjovalla.se\/index.php\/wp-json\/wp\/v2\/pages"}],"about":[{"href":"https:\/\/www.sjovalla.se\/index.php\/wp-json\/wp\/v2\/types\/page"}],"author":[{"embeddable":true,"href":"https:\/\/www.sjovalla.se\/index.php\/wp-json\/wp\/v2\/users\/1"}],"replies":[{"embeddable":true,"href":"https:\/\/www.sjovalla.se\/index.php\/wp-json\/wp\/v2\/comments?post=223"}],"version-history":[{"count":22,"href":"https:\/\/www.sjovalla.se\/index.php\/wp-json\/wp\/v2\/pages\/223\/revisions"}],"predecessor-version":[{"id":1231,"href":"https:\/\/www.sjovalla.se\/index.php\/wp-json\/wp\/v2\/pages\/223\/revisions\/1231"}],"up":[{"embeddable":true,"href":"https:\/\/www.sjovalla.se\/index.php\/wp-json\/wp\/v2\/pages\/109"}],"wp:attachment":[{"href":"https:\/\/www.sjovalla.se\/index.php\/wp-json\/wp\/v2\/media?parent=223"}],"curies":[{"name":"wp","href":"https:\/\/api.w.org\/{rel}","templated":true}]}}