{"id":2,"date":"2022-09-26T07:21:07","date_gmt":"2022-09-26T05:21:07","guid":{"rendered":"https:\/\/orientering.sjovalla.se\/?page_id=2"},"modified":"2023-02-12T21:55:08","modified_gmt":"2023-02-12T20:55:08","slug":"sjovalla-fk-orientering","status":"publish","type":"page","link":"https:\/\/www.sjovalla.se\/","title":{"rendered":"V\u00e4lkommen till Sj\u00f6valla Frisksportklubb"},"content":{"rendered":"\n<div class=\"wp-block-cover is-light\" style=\"min-height:294px;aspect-ratio:unset;\"><span aria-hidden=\"true\" class=\"wp-block-cover__background has-background-dim-10 has-background-dim\"><\/span><img loading=\"lazy\" decoding=\"async\" width=\"450\" height=\"317\" class=\"wp-block-cover__image-background wp-image-254\" alt=\"Finnsj\u00f6g\u00e5rden\" src=\"https:\/\/www.sjovalla.se\/wp-content\/uploads\/2022\/11\/finnsjogarden.jpg\" data-object-fit=\"cover\" srcset=\"https:\/\/www.sjovalla.se\/wp-content\/uploads\/2022\/11\/finnsjogarden.jpg 450w, https:\/\/www.sjovalla.se\/wp-content\/uploads\/2022\/11\/finnsjogarden-300x211.jpg 300w\" sizes=\"auto, (max-width: 450px) 100vw, 450px\" \/><div class=\"wp-block-cover__inner-container is-layout-flow wp-block-cover-is-layout-flow\">\n<p class=\"has-text-align-center has-large-font-size\"><\/p>\n<\/div><\/div>\n\n\n\n<div class=\"wp-block-group is-content-justification-center is-nowrap is-layout-flex wp-container-core-group-is-layout-94bc23d7 wp-block-group-is-layout-flex\">\n<p class=\"has-text-align-left has-small-font-size\">V\u00e5rt klubbhus Finnsj\u00f6g\u00e5rden<\/p>\n<\/div>\n\n\n\n<div style=\"height:15px\" aria-hidden=\"true\" class=\"wp-block-spacer\"><\/div>\n\n\n\n<div class=\"wp-block-group has-background-background-color has-background is-horizontal is-content-justification-center is-layout-flex wp-container-core-group-is-layout-ebaea4f8 wp-block-group-is-layout-flex\" style=\"border-radius:3px;padding-top:var(--wp--preset--spacing--30);padding-right:var(--wp--preset--spacing--30);padding-bottom:var(--wp--preset--spacing--30);padding-left:var(--wp--preset--spacing--30)\">\n<div class=\"wp-block-buttons is-layout-flex wp-block-buttons-is-layout-flex\">\n<div class=\"wp-block-button\"><a class=\"wp-block-button__link wp-element-button\" href=\"https:\/\/www.sjovalla.se\/index.php\/for-medlemmar\/bli-medlem-i-sjovalla-frisksportklubb\/\">Bli medlem?<\/a><\/div>\n<\/div>\n\n\n\n<div class=\"wp-block-buttons is-layout-flex wp-block-buttons-is-layout-flex\">\n<div class=\"wp-block-button\"><a class=\"wp-block-button__link wp-element-button\" href=\"https:\/\/www.sjovalla.se\/index.php\/om-oss\/detta-ar-sjovalla-fk\/\">Detta \u00e4r Sj\u00f6valla FK<\/a><\/div>\n<\/div>\n\n\n\n<div class=\"wp-block-buttons is-layout-flex wp-block-buttons-is-layout-flex\">\n<div class=\"wp-block-button\"><a class=\"wp-block-button__link wp-element-button\" href=\"https:\/\/www.sjovalla.se\/index.php\/om-oss\/finnsjogarden\/\">Finnsj\u00f6g\u00e5rden<\/a><\/div>\n<\/div>\n\n\n\n<div class=\"wp-block-buttons is-layout-flex wp-block-buttons-is-layout-flex\">\n<div class=\"wp-block-button\"><a class=\"wp-block-button__link wp-element-button\" href=\"https:\/\/www.sjovalla.se\/index.php\/om-oss\/sjovallabladet\/\">Sj\u00f6vallabladet<\/a><\/div>\n<\/div>\n<\/div>\n\n\n\n<div class=\"wp-block-group is-layout-constrained wp-block-group-is-layout-constrained\">\n<p><strong>Sj\u00f6valla FK<\/strong> erbjuder ett brett utbud av aktiviteter f\u00f6r alla \u00e5ldrar i de olika sektionerna f\u00f6r <a href=\"https:\/\/www.sjovalla.se\/index.php\/sektioner\/fotboll\/\" data-type=\"page\" data-id=\"244\">fotboll<\/a>, <a href=\"https:\/\/orientering.sjovalla.se\" data-type=\"page\">orientering<\/a>, <a href=\"https:\/\/trampolin.sjovalla.se\" data-type=\"page\">trampolin<\/a>, <a href=\"https:\/\/www.sjovalla.se\/index.php\/sektioner\/volleyboll\/\" data-type=\"page\" data-id=\"492\">volleyboll<\/a>, <a href=\"https:\/\/www.sjovalla.se\/index.php\/sektioner\/chillskate\/\" data-type=\"page\" data-id=\"240\">skateboard<\/a>, <a href=\"https:\/\/www.sjovalla.se\/index.php\/sektioner\/mountainbike\/\" data-type=\"page\" data-id=\"242\">mountainbike<\/a>. I <a href=\"https:\/\/www.sjovalla.se\/index.php\/sektioner\/seniorerna\/\" data-type=\"page\" data-id=\"286\">seniorsektionen<\/a> finns regelbundet en motions- och bastudag, stavg\u00e5ng, bridge mm. <\/p>\n\n\n\n<p>All verksamhet i klubbens regi skall vara fri fr\u00e5n tobak, alkohol och andra droger.<\/p>\n\n\n\n<p>F\u00f6r medlemmar under 18 \u00e5r g\u00e4ller detta \u00e4ven vid sidan om klubbens verksamhet.<\/p>\n\n\n\n<hr class=\"wp-block-separator has-alpha-channel-opacity\"\/>\n\n\n\n<h2 class=\"wp-block-heading\">V\u00e5ra senaste inl\u00e4gg<\/h2>\n<\/div>\n\n\n<ul class=\"wp-block-latest-posts__list has-dates wp-block-latest-posts\"><li><a class=\"wp-block-latest-posts__post-title\" href=\"https:\/\/www.sjovalla.se\/index.php\/2026\/04\/01\/stada-sverige\/\">St\u00e4da Sverige!<\/a><time datetime=\"2026-04-01T12:57:32+02:00\" class=\"wp-block-latest-posts__post-date\">2026-04-01<\/time><\/li>\n<li><a class=\"wp-block-latest-posts__post-title\" href=\"https:\/\/www.sjovalla.se\/index.php\/2026\/02\/17\/fritidskortet\/\">Fritidskortet<\/a><time datetime=\"2026-02-17T13:32:09+01:00\" class=\"wp-block-latest-posts__post-date\">2026-02-17<\/time><\/li>\n<li><a class=\"wp-block-latest-posts__post-title\" href=\"https:\/\/www.sjovalla.se\/index.php\/2025\/08\/22\/seniorsektionens-stavgang\/\">Seniorsektionens stavg\u00e5ng<\/a><time datetime=\"2025-08-22T13:59:48+02:00\" class=\"wp-block-latest-posts__post-date\">2025-08-22<\/time><\/li>\n<\/ul>\n\n\n<hr class=\"wp-block-separator has-alpha-channel-opacity\"\/>\n\n\n\n<div class=\"wp-block-group is-layout-constrained wp-container-core-group-is-layout-82686151 wp-block-group-is-layout-constrained\" style=\"border-style:none;border-width:0px;border-radius:0px;padding-top:0;padding-right:0;padding-bottom:0;padding-left:0\">\n<p><strong>Sj\u00f6valla Frisksportklubb<\/strong> \u00e4r en del av Frisksportr\u00f6relsen och \u00e4r ansluten till <strong>Svenska Frisksportf\u00f6rbundet<\/strong>.<\/p>\n\n\n\n<p>Frisksport \u00e4r&nbsp;en id\u00e9 om hur vi skall leva f\u00f6r att m\u00e5 bra och&nbsp;ha kul tillsammans:<\/p>\n\n\n\n<ul class=\"wp-block-list\">\n<li>f\u00f6r att&nbsp;<strong>DU<\/strong>&nbsp;ska m\u00e5 bra m\u00e5ste du r\u00f6ra p\u00e5 dig, \u00e4ta nyttigt och undvika tobak, alkohol och andra droger<\/li>\n\n\n\n<li>f\u00f6r att&nbsp;<strong>VI<\/strong>&nbsp;ska m\u00e5 bra m\u00e5ste vi dela upplevelser och g\u00f6ra roliga saker&nbsp;tillsammans<\/li>\n\n\n\n<li>f\u00f6r att&nbsp;<strong>ALLA<\/strong>&nbsp;ska m\u00e5 bra m\u00e5ste vi hj\u00e4lpas \u00e5t. Ta ansvar f\u00f6r v\u00e5r milj\u00f6&nbsp;och f\u00f6r jordens \u00f6verlevnad. L\u00e4ra k\u00e4nna andra m\u00e4nniskor och kulturer&nbsp;f\u00f6r att \u00f6ka m\u00f6jligheterna f\u00f6r alla att leva i fred med varandra<\/li>\n<\/ul>\n\n\n\n<p>Sj\u00f6valla FK&nbsp;har, med ovanst\u00e5ende som bakgrund, som m\u00e5ls\u00e4ttning:<\/p>\n\n\n\n<ul class=\"wp-block-list\">\n<li><em>att erbjuda alla medlemmar m\u00f6jlighet att genom regelbunden motion, r\u00e4tt kost och en i \u00f6vrigt sund livsf\u00f6ring under kamratlig samvaro uppn\u00e5 och beh\u00e5lla en god h\u00e4lsa b\u00e5de fysiskt och psykiskt<\/em><\/li>\n<\/ul>\n\n\n\n<div style=\"height:32px\" aria-hidden=\"true\" class=\"wp-block-spacer\"><\/div>\n<\/div>\n\n\n\n<div class=\"wp-block-group is-layout-constrained wp-block-group-is-layout-constrained\">\n<div class=\"wp-block-columns is-layout-flex wp-container-core-columns-is-layout-2edb0647 wp-block-columns-is-layout-flex\" style=\"margin-top:0;margin-bottom:0\">\n<div class=\"wp-block-column centered is-layout-flow wp-block-column-is-layout-flow\">\n<div class=\"wp-block-group is-content-justification-center is-nowrap is-layout-flex wp-container-core-group-is-layout-94bc23d7 wp-block-group-is-layout-flex\">\n<figure class=\"wp-block-image size-full is-resized is-style-default3\"><img loading=\"lazy\" decoding=\"async\" src=\"https:\/\/www.sjovalla.se\/wp-content\/uploads\/2022\/11\/certifieringsstampel-1.jpg\" alt=\"\" class=\"wp-image-315\" width=\"81\" height=\"81\"\/><\/figure>\n\n\n\n<p>Certifierade av H\u00e4rryda Kommun<\/p>\n<\/div>\n<\/div>\n\n\n\n<div class=\"wp-block-column center is-layout-flow wp-block-column-is-layout-flow\">\n<div class=\"wp-block-group is-horizontal is-content-justification-center is-nowrap is-layout-flex wp-container-core-group-is-layout-8dbf8d71 wp-block-group-is-layout-flex\">\n<figure class=\"wp-block-image size-full is-resized\"><img loading=\"lazy\" decoding=\"async\" src=\"https:\/\/www.sjovalla.se\/wp-content\/uploads\/2022\/11\/vg-regionen.jpg\" alt=\"\" class=\"wp-image-316\" width=\"257\" height=\"76\" srcset=\"https:\/\/www.sjovalla.se\/wp-content\/uploads\/2022\/11\/vg-regionen.jpg 500w, https:\/\/www.sjovalla.se\/wp-content\/uploads\/2022\/11\/vg-regionen-300x89.jpg 300w\" sizes=\"auto, (max-width: 257px) 100vw, 257px\" \/><\/figure>\n<\/div>\n<\/div>\n<\/div>\n<\/div>\n","protected":false},"excerpt":{"rendered":"<p>V\u00e5rt klubbhus Finnsj\u00f6g\u00e5rden Sj\u00f6valla FK erbjuder ett brett utbud av aktiviteter f\u00f6r alla \u00e5ldrar i de olika sektionerna f\u00f6r fotboll, [&hellip;]<\/p>\n","protected":false},"author":1,"featured_media":0,"parent":0,"menu_order":0,"comment_status":"closed","ping_status":"closed","template":"","meta":{"footnotes":""},"class_list":["post-2","page","type-page","status-publish","hentry"],"_links":{"self":[{"href":"https:\/\/www.sjovalla.se\/index.php\/wp-json\/wp\/v2\/pages\/2","targetHints":{"allow":["GET"]}}],"collection":[{"href":"https:\/\/www.sjovalla.se\/index.php\/wp-json\/wp\/v2\/pages"}],"about":[{"href":"https:\/\/www.sjovalla.se\/index.php\/wp-json\/wp\/v2\/types\/page"}],"author":[{"embeddable":true,"href":"https:\/\/www.sjovalla.se\/index.php\/wp-json\/wp\/v2\/users\/1"}],"replies":[{"embeddable":true,"href":"https:\/\/www.sjovalla.se\/index.php\/wp-json\/wp\/v2\/comments?post=2"}],"version-history":[{"count":79,"href":"https:\/\/www.sjovalla.se\/index.php\/wp-json\/wp\/v2\/pages\/2\/revisions"}],"predecessor-version":[{"id":668,"href":"https:\/\/www.sjovalla.se\/index.php\/wp-json\/wp\/v2\/pages\/2\/revisions\/668"}],"wp:attachment":[{"href":"https:\/\/www.sjovalla.se\/index.php\/wp-json\/wp\/v2\/media?parent=2"}],"curies":[{"name":"wp","href":"https:\/\/api.w.org\/{rel}","templated":true}]}}